{"id":270,"date":"2024-02-19T23:42:54","date_gmt":"2024-02-19T23:42:54","guid":{"rendered":"https:\/\/www.wood-master.fr\/?page_id=270"},"modified":"2024-02-20T00:56:13","modified_gmt":"2024-02-20T00:56:13","slug":"maison-contemporaine-gaillard-haute-savoie","status":"publish","type":"page","link":"https:\/\/www.wood-master.fr\/?page_id=270","title":{"rendered":"Maison contemporaine , Gaillard, Haute-Savoie"},"content":{"rendered":"<p>[et_pb_section fb_built=\u00a0\u00bb1&Prime; admin_label=\u00a0\u00bbHero\u00a0\u00bb _builder_version=\u00a0\u00bb4.24.0&Prime; use_background_color_gradient=\u00a0\u00bbon\u00a0\u00bb background_color_gradient_type=\u00a0\u00bbcircular\u00a0\u00bb background_color_gradient_direction_radial=\u00a0\u00bbtop left\u00a0\u00bb background_color_gradient_stops=\u00a0\u00bbrgba(40,40,40,0.79) 0%|rgba(40,40,40,0.86) 100%\u00a0\u00bb background_color_gradient_overlays_image=\u00a0\u00bbon\u00a0\u00bb background_color_gradient_start=\u00a0\u00bbrgba(40,40,40,0.79)\u00a0\u00bb background_color_gradient_end=\u00a0\u00bbrgba(40,40,40,0.86)\u00a0\u00bb background_image=\u00a0\u00bbhttps:\/\/www.wood-master.fr\/wp-content\/uploads\/2024\/02\/20160830_170338-scaled.jpg\u00a0\u00bb background_position=\u00a0\u00bbtop_center\u00a0\u00bb custom_padding=\u00a0\u00bb0px||0px||true|false\u00a0\u00bb locked=\u00a0\u00bboff\u00a0\u00bb global_colors_info=\u00a0\u00bb{}\u00a0\u00bb][et_pb_row use_custom_gutter=\u00a0\u00bbon\u00a0\u00bb make_equal=\u00a0\u00bbon\u00a0\u00bb padding_top_bottom_link_1=\u00a0\u00bbtrue\u00a0\u00bb padding_top_bottom_link_2=\u00a0\u00bbtrue\u00a0\u00bb padding_left_right_link_1=\u00a0\u00bbtrue\u00a0\u00bb padding_left_right_link_2=\u00a0\u00bbtrue\u00a0\u00bb background_color_gradient_type_1=\u00a0\u00bbcircular\u00a0\u00bb _builder_version=\u00a0\u00bb4.24.0&Prime; background_position=\u00a0\u00bbbottom_center\u00a0\u00bb width=\u00a0\u00bb100%\u00a0\u00bb max_width=\u00a0\u00bb100%\u00a0\u00bb custom_padding=\u00a0\u00bb0px||0px||true\u00a0\u00bb use_custom_width=\u00a0\u00bbon\u00a0\u00bb width_unit=\u00a0\u00bboff\u00a0\u00bb custom_width_percent=\u00a0\u00bb100%\u00a0\u00bb global_colors_info=\u00a0\u00bb{}\u00a0\u00bb][et_pb_column type=\u00a0\u00bb4_4&Prime; _builder_version=\u00a0\u00bb4.24.0&Prime; background_color_gradient_start=\u00a0\u00bbrgba(40,40,40,0.79)\u00a0\u00bb background_color_gradient_end=\u00a0\u00bbrgba(40,40,40,0.86)\u00a0\u00bb background_image=\u00a0\u00bbhttps:\/\/www.wood-master.fr\/wp-content\/uploads\/2024\/02\/5jpg_634525f40841f-1.jpg\u00a0\u00bb custom_padding=\u00a0\u00bb10vw|6vw|10vw|6vw\u00a0\u00bb custom_padding_tablet=\u00a0\u00bb10vw|10%|10vw|10%|true|true\u00a0\u00bb custom_padding_phone=\u00a0\u00bb10vw|10%|10vw|10%|true|true\u00a0\u00bb custom_padding_last_edited=\u00a0\u00bbon|desktop\u00a0\u00bb global_colors_info=\u00a0\u00bb{}\u00a0\u00bb padding_tablet=\u00a0\u00bb10vw|10%|10vw|10%|true|true\u00a0\u00bb padding_last_edited=\u00a0\u00bbon|desktop\u00a0\u00bb custom_padding__hover=\u00a0\u00bb|||\u00a0\u00bb padding_phone=\u00a0\u00bb10vw|10%|10vw|10%|true|true\u00a0\u00bb][\/et_pb_column][\/et_pb_row][\/et_pb_section][et_pb_section fb_built=\u00a0\u00bb1&Prime; admin_label=\u00a0\u00bbHeader\u00a0\u00bb _builder_version=\u00a0\u00bb4.20.0&Prime; _module_preset=\u00a0\u00bbdefault\u00a0\u00bb locked=\u00a0\u00bboff\u00a0\u00bb collapsed=\u00a0\u00bbon\u00a0\u00bb global_colors_info=\u00a0\u00bb{}\u00a0\u00bb][et_pb_row _builder_version=\u00a0\u00bb4.24.0&Prime; _module_preset=\u00a0\u00bbdefault\u00a0\u00bb global_colors_info=\u00a0\u00bb{}\u00a0\u00bb][et_pb_column type=\u00a0\u00bb4_4&Prime; _builder_version=\u00a0\u00bb4.20.0&Prime; _module_preset=\u00a0\u00bbdefault\u00a0\u00bb global_colors_info=\u00a0\u00bb{}\u00a0\u00bb][et_pb_text _builder_version=\u00a0\u00bb4.24.0&Prime; _module_preset=\u00a0\u00bb8435a772-05ae-4a26-a401-16d08b46eacf\u00a0\u00bb header_4_font=\u00a0\u00bbRubik|700|||||||\u00a0\u00bb header_4_font_size=\u00a0\u00bb24px\u00a0\u00bb header_4_line_height=\u00a0\u00bb1.4em\u00a0\u00bb custom_margin=\u00a0\u00bb||10px||false|false\u00a0\u00bb global_colors_info=\u00a0\u00bb{}\u00a0\u00bb]<\/p>\n<h4 class=\"et_pb_module_header et-fb-editable-element et-fb-editable-element et-fb-editable-element__editing\" data-shortcode-id=\"1.0.2-1708386742252\" data-quickaccess-id=\"header\" contenteditable=\"true\">R\u00e9alisation d&rsquo;une extension ossature bois, isolation \u00e9cologique et modernisation du bardage bois m\u00e9tal pour maison contemporaine , Gaillard, Haute-Savoie<\/h4>\n<p>[\/et_pb_text][et_pb_text _builder_version=\u00a0\u00bb4.24.0&Prime; _module_preset=\u00a0\u00bb40093ac9-0ca8-4653-810e-fcc205fcc817&Prime; hover_enabled=\u00a0\u00bb0&Prime; global_colors_info=\u00a0\u00bb{}\u00a0\u00bb sticky_enabled=\u00a0\u00bb0&Prime;]<\/p>\n<p><strong>Wood Master<\/strong> vous pr\u00e9sente cette extension en ossature bois d&rsquo;une maison situ\u00e9e \u00e0 Gaillard, en Haute-Savoie<\/p>\n<p>Structure Ossature bois sur mesure.<\/p>\n<p>Cette extension a \u00e9t\u00e9 r\u00e9alis\u00e9 avec une isolation de type sarking fibre de bois.<\/p>\n<p>Habillage ext\u00e9rieur de cet agrandissement en bardage m\u00e9tallique.<\/p>\n<p>Le bardage bois noir int\u00e9rieur \/ ext\u00e9rieur donne une modernisation \u00e0 cette habitation situ\u00e9e \u00e0 Gaillard en Haute-Savoie.<\/p>\n<p>La maison \u00e0 ossature en bois permet des agrandissements plus \u00e9conomiques et rapides \u00e0 mettre en \u0153uvre tout en \u00e9tant au plus proche de l&rsquo;\u00e9cologie.<\/p>\n<p>MODERNISATION de la maison.<\/p>\n<p>Habillage int\u00e9rieur, ext\u00e9rieur par un bardage bois install\u00e9 verticalement et horizontalement en continuit\u00e9 avec le nouveau look de l&rsquo;extension mariant le bois et le m\u00e9tal.<\/p>\n<p>L&rsquo;exp\u00e9rience de nos \u00e9quipes permet une finition parfaite lors d&rsquo;am\u00e9nagement hors du commun.<\/p>\n<p>Adaptation totale aux d\u00e9sirs du client et mise en situation en ad\u00e9quation avec la structure existante.<\/p>\n<p>Cette r\u00e9alisation d&rsquo;extension de l&rsquo;ossature bois d&rsquo;une maison en Haute-Savoie vous int\u00e9resse ?<\/p>\n<p>Vous avez un projet pr\u00e9cis d&rsquo;extension \u00e0 court ou moyen terme, n&rsquo;h\u00e9sitez pas \u00e0 venir vers nous pour vos r\u00e9alisations ou nous contacter pour prendre rendez-vous.<\/p>\n<p>&nbsp;<\/p>\n<p>[\/et_pb_text][\/et_pb_column][\/et_pb_row][et_pb_row _builder_version=\u00a0\u00bb4.20.0&Prime; _module_preset=\u00a0\u00bbdefault\u00a0\u00bb global_colors_info=\u00a0\u00bb{}\u00a0\u00bb][et_pb_column type=\u00a0\u00bb4_4&Prime; _builder_version=\u00a0\u00bb4.20.0&Prime; _module_preset=\u00a0\u00bbdefault\u00a0\u00bb global_colors_info=\u00a0\u00bb{}\u00a0\u00bb][et_pb_image src=\u00a0\u00bbhttps:\/\/www.wood-master.fr\/wp-content\/uploads\/2024\/02\/5jpg_634525f40841f-1.jpg\u00a0\u00bb title_text=\u00a0\u00bb5jpg_634525f40841f\u00a0\u00bb show_in_lightbox=\u00a0\u00bbon\u00a0\u00bb use_overlay=\u00a0\u00bbon\u00a0\u00bb overlay_icon_color=\u00a0\u00bb#FFFFFF\u00a0\u00bb hover_overlay_color=\u00a0\u00bbRGBA(224,153,0,0.4)\u00a0\u00bb hover_icon=\u00a0\u00bb&#x54;||divi||400&Prime; _builder_version=\u00a0\u00bb4.24.0&Prime; _module_preset=\u00a0\u00bbdefault\u00a0\u00bb background_color=\u00a0\u00bbrgba(0,0,0,0.04)\u00a0\u00bb box_shadow_style=\u00a0\u00bbpreset4&Prime; box_shadow_horizontal=\u00a0\u00bb0px\u00a0\u00bb box_shadow_vertical=\u00a0\u00bb0px\u00a0\u00bb box_shadow_color=\u00a0\u00bbrgba(0,0,0,0.05)\u00a0\u00bb locked=\u00a0\u00bboff\u00a0\u00bb global_colors_info=\u00a0\u00bb{}\u00a0\u00bb transform_styles__hover_enabled=\u00a0\u00bbon|hover\u00a0\u00bb transform_scale__hover=\u00a0\u00bb90%|90%\u00a0\u00bb transform_scale__hover_enabled=\u00a0\u00bbon|hover\u00a0\u00bb transform_translate__hover_enabled=\u00a0\u00bbon|desktop\u00a0\u00bb transform_rotate__hover_enabled=\u00a0\u00bbon|desktop\u00a0\u00bb transform_skew__hover_enabled=\u00a0\u00bbon|desktop\u00a0\u00bb transform_origin__hover_enabled=\u00a0\u00bbon|desktop\u00a0\u00bb box_shadow_spread__hover=\u00a0\u00bb30px\u00a0\u00bb box_shadow_spread__hover_enabled=\u00a0\u00bbon|hover\u00a0\u00bb][\/et_pb_image][\/et_pb_column][\/et_pb_row][et_pb_row use_custom_gutter=\u00a0\u00bbon\u00a0\u00bb gutter_width=\u00a0\u00bb1&Prime; _builder_version=\u00a0\u00bb4.24.0&Prime; _module_preset=\u00a0\u00bbdefault\u00a0\u00bb border_color_all=\u00a0\u00bbRGBA(255,255,255,0)\u00a0\u00bb locked=\u00a0\u00bboff\u00a0\u00bb global_colors_info=\u00a0\u00bb{}\u00a0\u00bb][et_pb_column type=\u00a0\u00bb4_4&Prime; _builder_version=\u00a0\u00bb4.24.0&Prime; _module_preset=\u00a0\u00bbdefault\u00a0\u00bb custom_padding_tablet=\u00a0\u00bb||30px||false|false\u00a0\u00bb custom_padding_phone=\u00a0\u00bb||30px||false|false\u00a0\u00bb custom_padding_last_edited=\u00a0\u00bbon|tablet\u00a0\u00bb global_colors_info=\u00a0\u00bb{}\u00a0\u00bb][et_pb_gallery gallery_ids=\u00a0\u00bb279,312,285,284,282,281,283,280,277&Prime; posts_number=\u00a0\u00bb8&Prime; show_title_and_caption=\u00a0\u00bboff\u00a0\u00bb show_pagination=\u00a0\u00bboff\u00a0\u00bb zoom_icon_color=\u00a0\u00bb#FFFFFF\u00a0\u00bb hover_overlay_color=\u00a0\u00bbRGBA(224,153,0,0.4)\u00a0\u00bb hover_icon=\u00a0\u00bb&#x54;||divi||400&Prime; _builder_version=\u00a0\u00bb4.24.0&Prime; _module_preset=\u00a0\u00bbdefault\u00a0\u00bb hover_enabled=\u00a0\u00bb0&Prime; border_width_all=\u00a0\u00bb2px\u00a0\u00bb border_color_all=\u00a0\u00bbRGBA(255,255,255,0)\u00a0\u00bb global_colors_info=\u00a0\u00bb{}\u00a0\u00bb sticky_enabled=\u00a0\u00bb0&Prime;][\/et_pb_gallery][\/et_pb_column][\/et_pb_row][\/et_pb_section]<\/p>\n","protected":false},"excerpt":{"rendered":"<p>R\u00e9alisation d&rsquo;une extension ossature bois, isolation \u00e9cologique et modernisation du bardage bois m\u00e9tal pour maison contemporaine , Gaillard, Haute-SavoieWood Master vous pr\u00e9sente cette extension en ossature bois d&rsquo;une maison situ\u00e9e \u00e0 Gaillard, en Haute-Savoie Structure Ossature bois sur mesure. Cette extension a \u00e9t\u00e9 r\u00e9alis\u00e9 avec une isolation de type sarking fibre de bois. Habillage ext\u00e9rieur [&hellip;]<\/p>\n","protected":false},"author":1,"featured_media":0,"parent":0,"menu_order":0,"comment_status":"closed","ping_status":"closed","template":"","meta":{"_et_pb_use_builder":"on","_et_pb_old_content":"","_et_gb_content_width":"","footnotes":""},"class_list":["post-270","page","type-page","status-publish","hentry"],"yoast_head":"<!-- This site is optimized with the Yoast SEO plugin v22.5 - https:\/\/yoast.com\/wordpress\/plugins\/seo\/ -->\n<title>Maison contemporaine , Gaillard, Haute-Savoie - WOOD MASTER : Isolation Sarking Construction Bois<\/title>\n<meta name=\"robots\" content=\"index, follow, max-snippet:-1, max-image-preview:large, max-video-preview:-1\" \/>\n<link rel=\"canonical\" href=\"https:\/\/www.wood-master.fr\/?page_id=270\" \/>\n<meta property=\"og:locale\" content=\"fr_FR\" \/>\n<meta property=\"og:type\" content=\"article\" \/>\n<meta property=\"og:title\" content=\"Maison contemporaine , Gaillard, Haute-Savoie - WOOD MASTER : Isolation Sarking Construction Bois\" \/>\n<meta property=\"og:description\" content=\"R\u00e9alisation d&#039;une extension ossature bois, isolation \u00e9cologique et modernisation du bardage bois m\u00e9tal pour maison contemporaine , Gaillard, Haute-SavoieWood Master vous pr\u00e9sente cette extension en ossature bois d&#039;une maison situ\u00e9e \u00e0 Gaillard, en Haute-Savoie Structure Ossature bois sur mesure. Cette extension a \u00e9t\u00e9 r\u00e9alis\u00e9 avec une isolation de type sarking fibre de bois. Habillage ext\u00e9rieur [&hellip;]\" \/>\n<meta property=\"og:url\" content=\"https:\/\/www.wood-master.fr\/?page_id=270\" \/>\n<meta property=\"og:site_name\" content=\"WOOD MASTER : Isolation Sarking Construction Bois\" \/>\n<meta property=\"article:modified_time\" content=\"2024-02-20T00:56:13+00:00\" \/>\n<meta name=\"twitter:card\" content=\"summary_large_image\" \/>\n<meta name=\"twitter:label1\" content=\"Dur\u00e9e de lecture estim\u00e9e\" \/>\n\t<meta name=\"twitter:data1\" content=\"4 minutes\" \/>\n<script type=\"application\/ld+json\" class=\"yoast-schema-graph\">{\"@context\":\"https:\/\/schema.org\",\"@graph\":[{\"@type\":\"WebPage\",\"@id\":\"https:\/\/www.wood-master.fr\/?page_id=270\",\"url\":\"https:\/\/www.wood-master.fr\/?page_id=270\",\"name\":\"Maison contemporaine , Gaillard, Haute-Savoie - WOOD MASTER : Isolation Sarking Construction Bois\",\"isPartOf\":{\"@id\":\"https:\/\/www.wood-master.fr\/#website\"},\"datePublished\":\"2024-02-19T23:42:54+00:00\",\"dateModified\":\"2024-02-20T00:56:13+00:00\",\"breadcrumb\":{\"@id\":\"https:\/\/www.wood-master.fr\/?page_id=270#breadcrumb\"},\"inLanguage\":\"fr-FR\",\"potentialAction\":[{\"@type\":\"ReadAction\",\"target\":[\"https:\/\/www.wood-master.fr\/?page_id=270\"]}]},{\"@type\":\"BreadcrumbList\",\"@id\":\"https:\/\/www.wood-master.fr\/?page_id=270#breadcrumb\",\"itemListElement\":[{\"@type\":\"ListItem\",\"position\":1,\"name\":\"Accueil\",\"item\":\"https:\/\/www.wood-master.fr\/\"},{\"@type\":\"ListItem\",\"position\":2,\"name\":\"Maison contemporaine , Gaillard, Haute-Savoie\"}]},{\"@type\":\"WebSite\",\"@id\":\"https:\/\/www.wood-master.fr\/#website\",\"url\":\"https:\/\/www.wood-master.fr\/\",\"name\":\"WOOD MASTER : Isolation Sarking Construction Bois\",\"description\":\"Isolation Sarking Construction Bois\",\"potentialAction\":[{\"@type\":\"SearchAction\",\"target\":{\"@type\":\"EntryPoint\",\"urlTemplate\":\"https:\/\/www.wood-master.fr\/?s={search_term_string}\"},\"query-input\":\"required name=search_term_string\"}],\"inLanguage\":\"fr-FR\"}]}<\/script>\n<!-- \/ Yoast SEO plugin. -->","yoast_head_json":{"title":"Maison contemporaine , Gaillard, Haute-Savoie - WOOD MASTER : Isolation Sarking Construction Bois","robots":{"index":"index","follow":"follow","max-snippet":"max-snippet:-1","max-image-preview":"max-image-preview:large","max-video-preview":"max-video-preview:-1"},"canonical":"https:\/\/www.wood-master.fr\/?page_id=270","og_locale":"fr_FR","og_type":"article","og_title":"Maison contemporaine , Gaillard, Haute-Savoie - WOOD MASTER : Isolation Sarking Construction Bois","og_description":"R\u00e9alisation d'une extension ossature bois, isolation \u00e9cologique et modernisation du bardage bois m\u00e9tal pour maison contemporaine , Gaillard, Haute-SavoieWood Master vous pr\u00e9sente cette extension en ossature bois d'une maison situ\u00e9e \u00e0 Gaillard, en Haute-Savoie Structure Ossature bois sur mesure. Cette extension a \u00e9t\u00e9 r\u00e9alis\u00e9 avec une isolation de type sarking fibre de bois. Habillage ext\u00e9rieur [&hellip;]","og_url":"https:\/\/www.wood-master.fr\/?page_id=270","og_site_name":"WOOD MASTER : Isolation Sarking Construction Bois","article_modified_time":"2024-02-20T00:56:13+00:00","twitter_card":"summary_large_image","twitter_misc":{"Dur\u00e9e de lecture estim\u00e9e":"4 minutes"},"schema":{"@context":"https:\/\/schema.org","@graph":[{"@type":"WebPage","@id":"https:\/\/www.wood-master.fr\/?page_id=270","url":"https:\/\/www.wood-master.fr\/?page_id=270","name":"Maison contemporaine , Gaillard, Haute-Savoie - WOOD MASTER : Isolation Sarking Construction Bois","isPartOf":{"@id":"https:\/\/www.wood-master.fr\/#website"},"datePublished":"2024-02-19T23:42:54+00:00","dateModified":"2024-02-20T00:56:13+00:00","breadcrumb":{"@id":"https:\/\/www.wood-master.fr\/?page_id=270#breadcrumb"},"inLanguage":"fr-FR","potentialAction":[{"@type":"ReadAction","target":["https:\/\/www.wood-master.fr\/?page_id=270"]}]},{"@type":"BreadcrumbList","@id":"https:\/\/www.wood-master.fr\/?page_id=270#breadcrumb","itemListElement":[{"@type":"ListItem","position":1,"name":"Accueil","item":"https:\/\/www.wood-master.fr\/"},{"@type":"ListItem","position":2,"name":"Maison contemporaine , Gaillard, Haute-Savoie"}]},{"@type":"WebSite","@id":"https:\/\/www.wood-master.fr\/#website","url":"https:\/\/www.wood-master.fr\/","name":"WOOD MASTER : Isolation Sarking Construction Bois","description":"Isolation Sarking Construction Bois","potentialAction":[{"@type":"SearchAction","target":{"@type":"EntryPoint","urlTemplate":"https:\/\/www.wood-master.fr\/?s={search_term_string}"},"query-input":"required name=search_term_string"}],"inLanguage":"fr-FR"}]}},"_links":{"self":[{"href":"https:\/\/www.wood-master.fr\/index.php?rest_route=\/wp\/v2\/pages\/270","targetHints":{"allow":["GET"]}}],"collection":[{"href":"https:\/\/www.wood-master.fr\/index.php?rest_route=\/wp\/v2\/pages"}],"about":[{"href":"https:\/\/www.wood-master.fr\/index.php?rest_route=\/wp\/v2\/types\/page"}],"author":[{"embeddable":true,"href":"https:\/\/www.wood-master.fr\/index.php?rest_route=\/wp\/v2\/users\/1"}],"replies":[{"embeddable":true,"href":"https:\/\/www.wood-master.fr\/index.php?rest_route=%2Fwp%2Fv2%2Fcomments&post=270"}],"version-history":[{"count":15,"href":"https:\/\/www.wood-master.fr\/index.php?rest_route=\/wp\/v2\/pages\/270\/revisions"}],"predecessor-version":[{"id":315,"href":"https:\/\/www.wood-master.fr\/index.php?rest_route=\/wp\/v2\/pages\/270\/revisions\/315"}],"wp:attachment":[{"href":"https:\/\/www.wood-master.fr\/index.php?rest_route=%2Fwp%2Fv2%2Fmedia&parent=270"}],"curies":[{"name":"wp","href":"https:\/\/api.w.org\/{rel}","templated":true}]}}