{"id":352,"date":"2024-02-20T23:51:00","date_gmt":"2024-02-20T23:51:00","guid":{"rendered":"https:\/\/www.wood-master.fr\/?page_id=352"},"modified":"2024-02-21T00:01:44","modified_gmt":"2024-02-21T00:01:44","slug":"construction-dune-maison-bioclimatique-dans-lain-proche-haute-savoie","status":"publish","type":"page","link":"https:\/\/www.wood-master.fr\/?page_id=352","title":{"rendered":"Construction d&rsquo;une maison bioclimatique dans l&rsquo;Ain proche Haute-Savoie"},"content":{"rendered":"<p>[et_pb_section fb_built=\u00a0\u00bb1&Prime; admin_label=\u00a0\u00bbHero\u00a0\u00bb _builder_version=\u00a0\u00bb4.24.0&Prime; use_background_color_gradient=\u00a0\u00bbon\u00a0\u00bb background_color_gradient_type=\u00a0\u00bbcircular\u00a0\u00bb background_color_gradient_direction_radial=\u00a0\u00bbtop left\u00a0\u00bb background_color_gradient_stops=\u00a0\u00bbrgba(40,40,40,0.79) 0%|rgba(40,40,40,0.86) 100%\u00a0\u00bb background_color_gradient_overlays_image=\u00a0\u00bbon\u00a0\u00bb background_color_gradient_start=\u00a0\u00bbrgba(40,40,40,0.79)\u00a0\u00bb background_color_gradient_end=\u00a0\u00bbrgba(40,40,40,0.86)\u00a0\u00bb background_image=\u00a0\u00bbhttps:\/\/www.wood-master.fr\/wp-content\/uploads\/2024\/02\/20160830_170338-scaled.jpg\u00a0\u00bb background_position=\u00a0\u00bbtop_center\u00a0\u00bb custom_padding=\u00a0\u00bb0px||0px||true|false\u00a0\u00bb locked=\u00a0\u00bboff\u00a0\u00bb global_colors_info=\u00a0\u00bb{}\u00a0\u00bb theme_builder_area=\u00a0\u00bbpost_content\u00a0\u00bb][et_pb_row use_custom_gutter=\u00a0\u00bbon\u00a0\u00bb make_equal=\u00a0\u00bbon\u00a0\u00bb padding_top_bottom_link_1=\u00a0\u00bbtrue\u00a0\u00bb padding_top_bottom_link_2=\u00a0\u00bbtrue\u00a0\u00bb padding_left_right_link_1=\u00a0\u00bbtrue\u00a0\u00bb padding_left_right_link_2=\u00a0\u00bbtrue\u00a0\u00bb background_color_gradient_type_1=\u00a0\u00bbcircular\u00a0\u00bb _builder_version=\u00a0\u00bb4.24.0&Prime; background_position=\u00a0\u00bbbottom_center\u00a0\u00bb width=\u00a0\u00bb100%\u00a0\u00bb max_width=\u00a0\u00bb100%\u00a0\u00bb custom_padding=\u00a0\u00bb0px||0px||true\u00a0\u00bb hover_enabled=\u00a0\u00bb0&Prime; use_custom_width=\u00a0\u00bbon\u00a0\u00bb width_unit=\u00a0\u00bboff\u00a0\u00bb custom_width_percent=\u00a0\u00bb100%\u00a0\u00bb global_colors_info=\u00a0\u00bb{}\u00a0\u00bb theme_builder_area=\u00a0\u00bbpost_content\u00a0\u00bb sticky_enabled=\u00a0\u00bb0&Prime;][et_pb_column type=\u00a0\u00bb4_4&Prime; _builder_version=\u00a0\u00bb4.24.0&Prime; background_color_gradient_start=\u00a0\u00bbrgba(40,40,40,0.79)\u00a0\u00bb background_color_gradient_end=\u00a0\u00bbrgba(40,40,40,0.86)\u00a0\u00bb background_image=\u00a0\u00bbhttps:\/\/www.wood-master.fr\/wp-content\/uploads\/2024\/02\/P1070789jpg_5dc58957c5a26-2.jpg\u00a0\u00bb custom_padding=\u00a0\u00bb10vw|6vw|10vw|6vw\u00a0\u00bb custom_padding_tablet=\u00a0\u00bb10vw|10%|10vw|10%|true|true\u00a0\u00bb custom_padding_phone=\u00a0\u00bb10vw|10%|10vw|10%|true|true\u00a0\u00bb custom_padding_last_edited=\u00a0\u00bbon|desktop\u00a0\u00bb hover_enabled=\u00a0\u00bb0&Prime; global_colors_info=\u00a0\u00bb{}\u00a0\u00bb padding_tablet=\u00a0\u00bb10vw|10%|10vw|10%|true|true\u00a0\u00bb padding_last_edited=\u00a0\u00bbon|desktop\u00a0\u00bb custom_padding__hover=\u00a0\u00bb|||\u00a0\u00bb padding_phone=\u00a0\u00bb10vw|10%|10vw|10%|true|true\u00a0\u00bb theme_builder_area=\u00a0\u00bbpost_content\u00a0\u00bb title_text=\u00a0\u00bbMaison passive, Savoie, Annecy, Annemasse, Collonges\u00a0\u00bb sticky_enabled=\u00a0\u00bb0&Prime;][\/et_pb_column][\/et_pb_row][\/et_pb_section][et_pb_section fb_built=\u00a0\u00bb1&Prime; admin_label=\u00a0\u00bbHeader\u00a0\u00bb _builder_version=\u00a0\u00bb4.20.0&Prime; _module_preset=\u00a0\u00bbdefault\u00a0\u00bb locked=\u00a0\u00bboff\u00a0\u00bb collapsed=\u00a0\u00bbon\u00a0\u00bb global_colors_info=\u00a0\u00bb{}\u00a0\u00bb theme_builder_area=\u00a0\u00bbpost_content\u00a0\u00bb][et_pb_row _builder_version=\u00a0\u00bb4.24.0&Prime; _module_preset=\u00a0\u00bbdefault\u00a0\u00bb global_colors_info=\u00a0\u00bb{}\u00a0\u00bb theme_builder_area=\u00a0\u00bbpost_content\u00a0\u00bb][et_pb_column type=\u00a0\u00bb4_4&Prime; _builder_version=\u00a0\u00bb4.20.0&Prime; _module_preset=\u00a0\u00bbdefault\u00a0\u00bb global_colors_info=\u00a0\u00bb{}\u00a0\u00bb theme_builder_area=\u00a0\u00bbpost_content\u00a0\u00bb][et_pb_text _builder_version=\u00a0\u00bb4.24.0&Prime; _module_preset=\u00a0\u00bb8435a772-05ae-4a26-a401-16d08b46eacf\u00a0\u00bb header_4_font=\u00a0\u00bbRubik|700|||||||\u00a0\u00bb header_4_font_size=\u00a0\u00bb24px\u00a0\u00bb header_4_line_height=\u00a0\u00bb1.4em\u00a0\u00bb custom_margin=\u00a0\u00bb||10px||false|false\u00a0\u00bb global_colors_info=\u00a0\u00bb{}\u00a0\u00bb theme_builder_area=\u00a0\u00bbpost_content\u00a0\u00bb]<\/p>\n<h4 class=\"et_pb_module_header et-fb-editable-element et-fb-editable-element et-fb-editable-element__editing\" data-shortcode-id=\"1.0.2-1708386742252\" data-quickaccess-id=\"header\" contenteditable=\"true\">Construction d&rsquo;une maison bioclimatique dans l&rsquo;Ain proche Haute-Savoie<\/h4>\n<p>[\/et_pb_text][et_pb_text _builder_version=\u00a0\u00bb4.24.0&Prime; _module_preset=\u00a0\u00bb40093ac9-0ca8-4653-810e-fcc205fcc817&Prime; global_colors_info=\u00a0\u00bb{}\u00a0\u00bb theme_builder_area=\u00a0\u00bbpost_content\u00a0\u00bb]<\/p>\n<p>Vous cherchez une soci\u00e9t\u00e9 pour la construction d&rsquo;une maison en <strong>ossature bois<\/strong> et en bardage red cedar \u00e0 <strong>Beynost dans l&rsquo;Ain<\/strong>, proche Haute-Savoie?<\/p>\n<p>Notre soci\u00e9t\u00e9 <strong>Wood Maste<\/strong>r vous pr\u00e9sente une de ses r\u00e9alisation.<\/p>\n<p>MAISON PASSIVE, BIOCLIMATIQUE<\/p>\n<p>Maison contemporaine situ\u00e9 e \u00e0 Beynost dans l&rsquo;Ain. C&rsquo;est une maison ossature bois r\u00e9alis\u00e9 enti\u00e8rement en atelier et transport\u00e9e pour \u00eatre mont\u00e9e en un temps record.<\/p>\n<p>Cette maison a \u00e9t\u00e9 prim\u00e9e au salon de Grenoble dans la cat\u00e9gorie \u00ab\u00a0Maison Bioclimatique\u00a0\u00bb.<\/p>\n<p>Elle est isol\u00e9 enti\u00e8rement en fibre de bois, les grandes ouvertures sont \u00e9quip\u00e9es de brises soleil orientables pour r\u00e9guler l&rsquo;apport solaire. Le bardage est en red Cedar premium.<\/p>\n<p>Son design est original avec ses ouvertures align\u00e9es entre le RDC et l&rsquo;\u00e9tage et son balcon suspendu avec des tirants m\u00e9talliques.<\/p>\n<p>Vous souhaiter construite une maison \u00e9nerg\u00e9tiquement performante voir passive ? Nous avons l\u2019exp\u00e9rience pour mener \u00e0 bien votre projet dans des d\u00e9lais maitris\u00e9s, contactez nous pour visiter un de nos chantier en cours.<\/p>\n<p>Wood Master, des chantiers et des hommes qualifi\u00e9s.<\/p>\n<p>L&rsquo;entreprise Wood Master est sp\u00e9cialis\u00e9e dans la construction et la r\u00e9novation bois.<\/p>\n<p>De p\u00e8re en fils dans la construction bois, c&rsquo;est plus de 20 ans d\u2019exp\u00e9rience pour chacun des deux responsables de formation ing\u00e9nieur qui vous suivront dans vos projets avec succ\u00e8s.<\/p>\n<p>Wood Master, c&rsquo;est des engagements respect\u00e9s \u00e0 prix comp\u00e9titif, sans surprise.<\/p>\n<p>Notre entreprise poss\u00e8de le savoir faire sur toute une palette de travaux li\u00e9s \u00e0 la structure bois : charpente en neuf ou r\u00e9novation, maison ossature bois et chalets, isolation des toitures en r\u00e9novation \u00e9nerg\u00e9tique, toiture terrasse en EPDM et toit v\u00e9g\u00e9talis\u00e9s.<\/p>\n<p>Nous r\u00e9alisons tous types de travaux de couverture et zinguerie : couverture en tuile, bac acier, joint debout, \u00e9tanch\u00e9it\u00e9 toiture terrasse v\u00e9g\u00e9talis\u00e9es et \u00e9galement en tavaillons.<\/p>\n<p>Form\u00e9 aux nombreuses \u00e9volutions techniques et r\u00e9glementaires, nous sommes qualifi\u00e9s pour vous proposer des solutions globales de r\u00e9novation \u00e9nerg\u00e9tiques : reprise de charpente, isolation des murs ext\u00e9rieurs et des combles avec l\u2019int\u00e9gration des menuiseries ext\u00e9rieures et des occultations.<\/p>\n<p>Professionnel poss\u00e9dant la qualification Qualibat RGE nous saurons vous proposer les diff\u00e9rentes solutions de r\u00e9novation \u00e9nerg\u00e9tique adapt\u00e9es \u00e0 votre maison.<\/p>\n<p>Nous intervenons en Haute Savoie, et principalement dans le Genevois, la vall\u00e9e de l&rsquo;Arve,<strong> Annecy<\/strong>, la vall\u00e9e de Chamonix etc&#8230;<\/p>\n<p>&nbsp;<\/p>\n<p>&nbsp;<\/p>\n<p>[\/et_pb_text][\/et_pb_column][\/et_pb_row][et_pb_row _builder_version=\u00a0\u00bb4.20.0&Prime; _module_preset=\u00a0\u00bbdefault\u00a0\u00bb global_colors_info=\u00a0\u00bb{}\u00a0\u00bb theme_builder_area=\u00a0\u00bbpost_content\u00a0\u00bb][et_pb_column type=\u00a0\u00bb4_4&Prime; _builder_version=\u00a0\u00bb4.20.0&Prime; _module_preset=\u00a0\u00bbdefault\u00a0\u00bb global_colors_info=\u00a0\u00bb{}\u00a0\u00bb theme_builder_area=\u00a0\u00bbpost_content\u00a0\u00bb][et_pb_image src=\u00a0\u00bbhttps:\/\/www.wood-master.fr\/wp-content\/uploads\/2024\/02\/P1070789jpg_5dc58957c5a26-2.jpg\u00a0\u00bb title_text=\u00a0\u00bbMaison passive, Savoie, Annecy, Annemasse, Collonges\u00a0\u00bb show_in_lightbox=\u00a0\u00bbon\u00a0\u00bb use_overlay=\u00a0\u00bbon\u00a0\u00bb overlay_icon_color=\u00a0\u00bb#FFFFFF\u00a0\u00bb hover_overlay_color=\u00a0\u00bbRGBA(224,153,0,0.4)\u00a0\u00bb hover_icon=\u00a0\u00bb&#x54;||divi||400&Prime; force_fullwidth=\u00a0\u00bbon\u00a0\u00bb _builder_version=\u00a0\u00bb4.24.0&Prime; _module_preset=\u00a0\u00bbdefault\u00a0\u00bb background_color=\u00a0\u00bbrgba(0,0,0,0.04)\u00a0\u00bb hover_enabled=\u00a0\u00bb0&Prime; box_shadow_style=\u00a0\u00bbpreset4&Prime; box_shadow_horizontal=\u00a0\u00bb0px\u00a0\u00bb box_shadow_vertical=\u00a0\u00bb0px\u00a0\u00bb box_shadow_color=\u00a0\u00bbrgba(0,0,0,0.05)\u00a0\u00bb locked=\u00a0\u00bboff\u00a0\u00bb global_colors_info=\u00a0\u00bb{}\u00a0\u00bb transform_styles__hover_enabled=\u00a0\u00bbon|hover\u00a0\u00bb transform_scale__hover=\u00a0\u00bb90%|90%\u00a0\u00bb transform_scale__hover_enabled=\u00a0\u00bbon|hover\u00a0\u00bb transform_translate__hover_enabled=\u00a0\u00bbon|desktop\u00a0\u00bb transform_rotate__hover_enabled=\u00a0\u00bbon|desktop\u00a0\u00bb transform_skew__hover_enabled=\u00a0\u00bbon|desktop\u00a0\u00bb transform_origin__hover_enabled=\u00a0\u00bbon|desktop\u00a0\u00bb box_shadow_spread__hover=\u00a0\u00bb30px\u00a0\u00bb box_shadow_spread__hover_enabled=\u00a0\u00bbon|hover\u00a0\u00bb theme_builder_area=\u00a0\u00bbpost_content\u00a0\u00bb sticky_enabled=\u00a0\u00bb0&Prime;][\/et_pb_image][\/et_pb_column][\/et_pb_row][et_pb_row use_custom_gutter=\u00a0\u00bbon\u00a0\u00bb gutter_width=\u00a0\u00bb1&Prime; _builder_version=\u00a0\u00bb4.24.0&Prime; _module_preset=\u00a0\u00bbdefault\u00a0\u00bb border_color_all=\u00a0\u00bbRGBA(255,255,255,0)\u00a0\u00bb locked=\u00a0\u00bboff\u00a0\u00bb global_colors_info=\u00a0\u00bb{}\u00a0\u00bb theme_builder_area=\u00a0\u00bbpost_content\u00a0\u00bb][et_pb_column type=\u00a0\u00bb4_4&Prime; _builder_version=\u00a0\u00bb4.24.0&Prime; _module_preset=\u00a0\u00bbdefault\u00a0\u00bb custom_padding_tablet=\u00a0\u00bb||30px||false|false\u00a0\u00bb custom_padding_phone=\u00a0\u00bb||30px||false|false\u00a0\u00bb custom_padding_last_edited=\u00a0\u00bbon|tablet\u00a0\u00bb global_colors_info=\u00a0\u00bb{}\u00a0\u00bb theme_builder_area=\u00a0\u00bbpost_content\u00a0\u00bb][et_pb_gallery gallery_ids=\u00a0\u00bb277,364,356,357,358,359,360,361,362,363&Prime; posts_number=\u00a0\u00bb12&Prime; show_title_and_caption=\u00a0\u00bboff\u00a0\u00bb show_pagination=\u00a0\u00bboff\u00a0\u00bb zoom_icon_color=\u00a0\u00bb#FFFFFF\u00a0\u00bb hover_overlay_color=\u00a0\u00bbRGBA(224,153,0,0.4)\u00a0\u00bb hover_icon=\u00a0\u00bb&#x54;||divi||400&Prime; _builder_version=\u00a0\u00bb4.24.0&Prime; _module_preset=\u00a0\u00bbdefault\u00a0\u00bb hover_enabled=\u00a0\u00bb0&Prime; border_width_all=\u00a0\u00bb2px\u00a0\u00bb border_color_all=\u00a0\u00bbRGBA(255,255,255,0)\u00a0\u00bb global_colors_info=\u00a0\u00bb{}\u00a0\u00bb theme_builder_area=\u00a0\u00bbpost_content\u00a0\u00bb sticky_enabled=\u00a0\u00bb0&Prime;][\/et_pb_gallery][\/et_pb_column][\/et_pb_row][\/et_pb_section]<\/p>\n","protected":false},"excerpt":{"rendered":"<p>Construction d&rsquo;une maison bioclimatique dans l&rsquo;Ain proche Haute-SavoieVous cherchez une soci\u00e9t\u00e9 pour la construction d&rsquo;une maison en ossature bois et en bardage red cedar \u00e0 Beynost dans l&rsquo;Ain, proche Haute-Savoie? Notre soci\u00e9t\u00e9 Wood Master vous pr\u00e9sente une de ses r\u00e9alisation. MAISON PASSIVE, BIOCLIMATIQUE Maison contemporaine situ\u00e9 e \u00e0 Beynost dans l&rsquo;Ain. C&rsquo;est une maison ossature [&hellip;]<\/p>\n","protected":false},"author":1,"featured_media":0,"parent":0,"menu_order":0,"comment_status":"closed","ping_status":"closed","template":"","meta":{"_et_pb_use_builder":"on","_et_pb_old_content":"","_et_gb_content_width":"","footnotes":""},"class_list":["post-352","page","type-page","status-publish","hentry"],"yoast_head":"<!-- This site is optimized with the Yoast SEO plugin v22.5 - https:\/\/yoast.com\/wordpress\/plugins\/seo\/ -->\n<title>Construction d&#039;une maison bioclimatique dans l&#039;Ain proche Haute-Savoie - WOOD MASTER : Isolation Sarking Construction Bois<\/title>\n<meta name=\"robots\" content=\"index, follow, max-snippet:-1, max-image-preview:large, max-video-preview:-1\" \/>\n<link rel=\"canonical\" href=\"https:\/\/www.wood-master.fr\/?page_id=352\" \/>\n<meta property=\"og:locale\" content=\"fr_FR\" \/>\n<meta property=\"og:type\" content=\"article\" \/>\n<meta property=\"og:title\" content=\"Construction d&#039;une maison bioclimatique dans l&#039;Ain proche Haute-Savoie - WOOD MASTER : Isolation Sarking Construction Bois\" \/>\n<meta property=\"og:description\" content=\"Construction d&#039;une maison bioclimatique dans l&#039;Ain proche Haute-SavoieVous cherchez une soci\u00e9t\u00e9 pour la construction d&#039;une maison en ossature bois et en bardage red cedar \u00e0 Beynost dans l&#039;Ain, proche Haute-Savoie? Notre soci\u00e9t\u00e9 Wood Master vous pr\u00e9sente une de ses r\u00e9alisation. MAISON PASSIVE, BIOCLIMATIQUE Maison contemporaine situ\u00e9 e \u00e0 Beynost dans l&#039;Ain. C&#039;est une maison ossature [&hellip;]\" \/>\n<meta property=\"og:url\" content=\"https:\/\/www.wood-master.fr\/?page_id=352\" \/>\n<meta property=\"og:site_name\" content=\"WOOD MASTER : Isolation Sarking Construction Bois\" \/>\n<meta property=\"article:modified_time\" content=\"2024-02-21T00:01:44+00:00\" \/>\n<meta name=\"twitter:card\" content=\"summary_large_image\" \/>\n<meta name=\"twitter:label1\" content=\"Dur\u00e9e de lecture estim\u00e9e\" \/>\n\t<meta name=\"twitter:data1\" content=\"6 minutes\" \/>\n<script type=\"application\/ld+json\" class=\"yoast-schema-graph\">{\"@context\":\"https:\/\/schema.org\",\"@graph\":[{\"@type\":\"WebPage\",\"@id\":\"https:\/\/www.wood-master.fr\/?page_id=352\",\"url\":\"https:\/\/www.wood-master.fr\/?page_id=352\",\"name\":\"Construction d'une maison bioclimatique dans l'Ain proche Haute-Savoie - WOOD MASTER : Isolation Sarking Construction Bois\",\"isPartOf\":{\"@id\":\"https:\/\/www.wood-master.fr\/#website\"},\"datePublished\":\"2024-02-20T23:51:00+00:00\",\"dateModified\":\"2024-02-21T00:01:44+00:00\",\"breadcrumb\":{\"@id\":\"https:\/\/www.wood-master.fr\/?page_id=352#breadcrumb\"},\"inLanguage\":\"fr-FR\",\"potentialAction\":[{\"@type\":\"ReadAction\",\"target\":[\"https:\/\/www.wood-master.fr\/?page_id=352\"]}]},{\"@type\":\"BreadcrumbList\",\"@id\":\"https:\/\/www.wood-master.fr\/?page_id=352#breadcrumb\",\"itemListElement\":[{\"@type\":\"ListItem\",\"position\":1,\"name\":\"Accueil\",\"item\":\"https:\/\/www.wood-master.fr\/\"},{\"@type\":\"ListItem\",\"position\":2,\"name\":\"Construction d&rsquo;une maison bioclimatique dans l&rsquo;Ain proche Haute-Savoie\"}]},{\"@type\":\"WebSite\",\"@id\":\"https:\/\/www.wood-master.fr\/#website\",\"url\":\"https:\/\/www.wood-master.fr\/\",\"name\":\"WOOD MASTER : Isolation Sarking Construction Bois\",\"description\":\"Isolation Sarking Construction Bois\",\"potentialAction\":[{\"@type\":\"SearchAction\",\"target\":{\"@type\":\"EntryPoint\",\"urlTemplate\":\"https:\/\/www.wood-master.fr\/?s={search_term_string}\"},\"query-input\":\"required name=search_term_string\"}],\"inLanguage\":\"fr-FR\"}]}<\/script>\n<!-- \/ Yoast SEO plugin. -->","yoast_head_json":{"title":"Construction d'une maison bioclimatique dans l'Ain proche Haute-Savoie - WOOD MASTER : Isolation Sarking Construction Bois","robots":{"index":"index","follow":"follow","max-snippet":"max-snippet:-1","max-image-preview":"max-image-preview:large","max-video-preview":"max-video-preview:-1"},"canonical":"https:\/\/www.wood-master.fr\/?page_id=352","og_locale":"fr_FR","og_type":"article","og_title":"Construction d'une maison bioclimatique dans l'Ain proche Haute-Savoie - WOOD MASTER : Isolation Sarking Construction Bois","og_description":"Construction d'une maison bioclimatique dans l'Ain proche Haute-SavoieVous cherchez une soci\u00e9t\u00e9 pour la construction d'une maison en ossature bois et en bardage red cedar \u00e0 Beynost dans l'Ain, proche Haute-Savoie? Notre soci\u00e9t\u00e9 Wood Master vous pr\u00e9sente une de ses r\u00e9alisation. MAISON PASSIVE, BIOCLIMATIQUE Maison contemporaine situ\u00e9 e \u00e0 Beynost dans l'Ain. C'est une maison ossature [&hellip;]","og_url":"https:\/\/www.wood-master.fr\/?page_id=352","og_site_name":"WOOD MASTER : Isolation Sarking Construction Bois","article_modified_time":"2024-02-21T00:01:44+00:00","twitter_card":"summary_large_image","twitter_misc":{"Dur\u00e9e de lecture estim\u00e9e":"6 minutes"},"schema":{"@context":"https:\/\/schema.org","@graph":[{"@type":"WebPage","@id":"https:\/\/www.wood-master.fr\/?page_id=352","url":"https:\/\/www.wood-master.fr\/?page_id=352","name":"Construction d'une maison bioclimatique dans l'Ain proche Haute-Savoie - WOOD MASTER : Isolation Sarking Construction Bois","isPartOf":{"@id":"https:\/\/www.wood-master.fr\/#website"},"datePublished":"2024-02-20T23:51:00+00:00","dateModified":"2024-02-21T00:01:44+00:00","breadcrumb":{"@id":"https:\/\/www.wood-master.fr\/?page_id=352#breadcrumb"},"inLanguage":"fr-FR","potentialAction":[{"@type":"ReadAction","target":["https:\/\/www.wood-master.fr\/?page_id=352"]}]},{"@type":"BreadcrumbList","@id":"https:\/\/www.wood-master.fr\/?page_id=352#breadcrumb","itemListElement":[{"@type":"ListItem","position":1,"name":"Accueil","item":"https:\/\/www.wood-master.fr\/"},{"@type":"ListItem","position":2,"name":"Construction d&rsquo;une maison bioclimatique dans l&rsquo;Ain proche Haute-Savoie"}]},{"@type":"WebSite","@id":"https:\/\/www.wood-master.fr\/#website","url":"https:\/\/www.wood-master.fr\/","name":"WOOD MASTER : Isolation Sarking Construction Bois","description":"Isolation Sarking Construction Bois","potentialAction":[{"@type":"SearchAction","target":{"@type":"EntryPoint","urlTemplate":"https:\/\/www.wood-master.fr\/?s={search_term_string}"},"query-input":"required name=search_term_string"}],"inLanguage":"fr-FR"}]}},"_links":{"self":[{"href":"https:\/\/www.wood-master.fr\/index.php?rest_route=\/wp\/v2\/pages\/352","targetHints":{"allow":["GET"]}}],"collection":[{"href":"https:\/\/www.wood-master.fr\/index.php?rest_route=\/wp\/v2\/pages"}],"about":[{"href":"https:\/\/www.wood-master.fr\/index.php?rest_route=\/wp\/v2\/types\/page"}],"author":[{"embeddable":true,"href":"https:\/\/www.wood-master.fr\/index.php?rest_route=\/wp\/v2\/users\/1"}],"replies":[{"embeddable":true,"href":"https:\/\/www.wood-master.fr\/index.php?rest_route=%2Fwp%2Fv2%2Fcomments&post=352"}],"version-history":[{"count":3,"href":"https:\/\/www.wood-master.fr\/index.php?rest_route=\/wp\/v2\/pages\/352\/revisions"}],"predecessor-version":[{"id":365,"href":"https:\/\/www.wood-master.fr\/index.php?rest_route=\/wp\/v2\/pages\/352\/revisions\/365"}],"wp:attachment":[{"href":"https:\/\/www.wood-master.fr\/index.php?rest_route=%2Fwp%2Fv2%2Fmedia&parent=352"}],"curies":[{"name":"wp","href":"https:\/\/api.w.org\/{rel}","templated":true}]}}