{"id":641,"date":"2024-02-22T08:57:49","date_gmt":"2024-02-22T08:57:49","guid":{"rendered":"https:\/\/www.wood-master.fr\/?page_id=641"},"modified":"2024-02-22T08:57:49","modified_gmt":"2024-02-22T08:57:49","slug":"vegetalisation-de-5-maisons-a-collonges-sous-saleve-haute-savoie","status":"publish","type":"page","link":"https:\/\/www.wood-master.fr\/?page_id=641","title":{"rendered":"V\u00e9g\u00e9talisation de 5 maisons \u00e0 Collonges-sous-Sal\u00e8ve, Haute-Savoie"},"content":{"rendered":"<p>[et_pb_section fb_built=\u00a0\u00bb1&Prime; admin_label=\u00a0\u00bbHero\u00a0\u00bb _builder_version=\u00a0\u00bb4.24.0&Prime; background_enable_image=\u00a0\u00bboff\u00a0\u00bb background_position=\u00a0\u00bbtop_center\u00a0\u00bb custom_padding=\u00a0\u00bb0px||0px||true|false\u00a0\u00bb locked=\u00a0\u00bboff\u00a0\u00bb global_colors_info=\u00a0\u00bb{}\u00a0\u00bb theme_builder_area=\u00a0\u00bbpost_content\u00a0\u00bb][et_pb_row use_custom_gutter=\u00a0\u00bbon\u00a0\u00bb make_equal=\u00a0\u00bbon\u00a0\u00bb padding_top_bottom_link_1=\u00a0\u00bbtrue\u00a0\u00bb padding_top_bottom_link_2=\u00a0\u00bbtrue\u00a0\u00bb padding_left_right_link_1=\u00a0\u00bbtrue\u00a0\u00bb padding_left_right_link_2=\u00a0\u00bbtrue\u00a0\u00bb background_color_gradient_type_1=\u00a0\u00bbcircular\u00a0\u00bb _builder_version=\u00a0\u00bb4.24.0&Prime; background_position=\u00a0\u00bbbottom_center\u00a0\u00bb width=\u00a0\u00bb100%\u00a0\u00bb max_width=\u00a0\u00bb100%\u00a0\u00bb custom_padding=\u00a0\u00bb0px||0px||true\u00a0\u00bb hover_enabled=\u00a0\u00bb0&Prime; use_custom_width=\u00a0\u00bbon\u00a0\u00bb width_unit=\u00a0\u00bboff\u00a0\u00bb custom_width_percent=\u00a0\u00bb100%\u00a0\u00bb global_colors_info=\u00a0\u00bb{}\u00a0\u00bb theme_builder_area=\u00a0\u00bbpost_content\u00a0\u00bb sticky_enabled=\u00a0\u00bb0&Prime;][et_pb_column type=\u00a0\u00bb4_4&Prime; _builder_version=\u00a0\u00bb4.24.0&Prime; background_color_gradient_start=\u00a0\u00bbrgba(40,40,40,0.79)\u00a0\u00bb background_color_gradient_end=\u00a0\u00bbrgba(40,40,40,0.86)\u00a0\u00bb background_image=\u00a0\u00bbhttps:\/\/www.wood-master.fr\/wp-content\/uploads\/2024\/02\/Vegetalisation.jpg\u00a0\u00bb background_position=\u00a0\u00bbtop_center\u00a0\u00bb custom_padding=\u00a0\u00bb10vw|6vw|10vw|6vw\u00a0\u00bb custom_padding_tablet=\u00a0\u00bb10vw|10%|10vw|10%|true|true\u00a0\u00bb custom_padding_phone=\u00a0\u00bb10vw|10%|10vw|10%|true|true\u00a0\u00bb custom_padding_last_edited=\u00a0\u00bbon|desktop\u00a0\u00bb hover_enabled=\u00a0\u00bb0&Prime; global_colors_info=\u00a0\u00bb{}\u00a0\u00bb padding_tablet=\u00a0\u00bb10vw|10%|10vw|10%|true|true\u00a0\u00bb padding_last_edited=\u00a0\u00bbon|desktop\u00a0\u00bb custom_padding__hover=\u00a0\u00bb|||\u00a0\u00bb padding_phone=\u00a0\u00bb10vw|10%|10vw|10%|true|true\u00a0\u00bb theme_builder_area=\u00a0\u00bbpost_content\u00a0\u00bb title_text=\u00a0\u00bbV\u00e9g\u00e9talisation\u00a0\u00bb sticky_enabled=\u00a0\u00bb0&Prime;][\/et_pb_column][\/et_pb_row][\/et_pb_section][et_pb_section fb_built=\u00a0\u00bb1&Prime; admin_label=\u00a0\u00bbHeader\u00a0\u00bb _builder_version=\u00a0\u00bb4.20.0&Prime; _module_preset=\u00a0\u00bbdefault\u00a0\u00bb locked=\u00a0\u00bboff\u00a0\u00bb collapsed=\u00a0\u00bbon\u00a0\u00bb global_colors_info=\u00a0\u00bb{}\u00a0\u00bb theme_builder_area=\u00a0\u00bbpost_content\u00a0\u00bb][et_pb_row _builder_version=\u00a0\u00bb4.24.0&Prime; _module_preset=\u00a0\u00bbdefault\u00a0\u00bb global_colors_info=\u00a0\u00bb{}\u00a0\u00bb theme_builder_area=\u00a0\u00bbpost_content\u00a0\u00bb][et_pb_column type=\u00a0\u00bb4_4&Prime; _builder_version=\u00a0\u00bb4.20.0&Prime; _module_preset=\u00a0\u00bbdefault\u00a0\u00bb global_colors_info=\u00a0\u00bb{}\u00a0\u00bb theme_builder_area=\u00a0\u00bbpost_content\u00a0\u00bb][et_pb_text _builder_version=\u00a0\u00bb4.24.0&Prime; _module_preset=\u00a0\u00bb8435a772-05ae-4a26-a401-16d08b46eacf\u00a0\u00bb header_4_font=\u00a0\u00bbRubik|700|||||||\u00a0\u00bb header_4_font_size=\u00a0\u00bb24px\u00a0\u00bb header_4_line_height=\u00a0\u00bb1.4em\u00a0\u00bb custom_margin=\u00a0\u00bb||10px||false|false\u00a0\u00bb global_colors_info=\u00a0\u00bb{}\u00a0\u00bb theme_builder_area=\u00a0\u00bbpost_content\u00a0\u00bb]<\/p>\n<h4 class=\"et_pb_module_header et-fb-editable-element et-fb-editable-element et-fb-editable-element__editing\" data-shortcode-id=\"1.0.2-1708386742252\" data-quickaccess-id=\"header\" contenteditable=\"true\">V\u00e9g\u00e9talisation de 5 maisons \u00e0 Collonges-sous-Sal\u00e8ve, Haute-Savoie<\/h4>\n<p>[\/et_pb_text][et_pb_text _builder_version=\u00a0\u00bb4.24.0&Prime; _module_preset=\u00a0\u00bb40093ac9-0ca8-4653-810e-fcc205fcc817&Prime; global_colors_info=\u00a0\u00bb{}\u00a0\u00bb theme_builder_area=\u00a0\u00bbpost_content\u00a0\u00bb]<\/p>\n<p><strong>Wood Master<\/strong> v\u00e9g\u00e9talise un ensemble de 5 maisons contemporaines \u00e0 Collonges-sous-Sal\u00e8ve, en Haute-Savoie, avec un syst\u00e8me de bacs pr\u00e9-cultiv\u00e9s. D\u00e8s la fin du chantier, la toiture terrasse pr\u00e9sente un aspect fini.<\/p>\n<p>La maison en bois en arri\u00e8re-plan montre un toit v\u00e9g\u00e9talis\u00e9 r\u00e9alis\u00e9 il y a environ 2 ans.<\/p>\n<p>Quelles approches pour une toiture v\u00e9g\u00e9tale ? La toiture v\u00e9g\u00e9talis\u00e9e demande un savoir-faire. Nous pouvons intervenir soit sur une \u00e9tanch\u00e9it\u00e9 existante, soit r\u00e9aliser une \u00e9tanch\u00e9it\u00e9 sur une construction neuve. Dans les deux cas, il faut une expertise sur le mat\u00e9riau qui assurera le support de la <strong>couverture v\u00e9g\u00e9talis\u00e9e<\/strong>.<\/p>\n<p>Intervenir sur un toit engage la responsabilit\u00e9 de notre entreprise. L\u2019\u00e9tanch\u00e9it\u00e9 doit \u00eatre adapt\u00e9e et certifi\u00e9e pour la toiture v\u00e9g\u00e9tale. Il est recommand\u00e9 de faire appel \u00e0 des professionnels qui ont r\u00e9alis\u00e9 de nombreux chantiers \u00e0 la fois d\u2019\u00e9tanch\u00e9it\u00e9 et de toiture verte et qui offrent une garantie d\u00e9cennale. Pour tout projet de v\u00e9g\u00e9talisation, nous effectuons un diagnostic de l\u2019\u00e9tanch\u00e9it\u00e9, de la pente g\u00e9n\u00e9rale, de la plan\u00e9it\u00e9 du support, des \u00e9vacuations des eaux pluviales, de l\u2019accessibilit\u00e9 pour la livraison et la manutention avec des engins de levage avant de proposer les solutions. Il est possible de r\u00e9aliser des toitures v\u00e9g\u00e9tales sur des toits plats mais \u00e9galement sur des toits en pente. Faites-nous part de votre projet de toit v\u00e9g\u00e9tal.<\/p>\n<p>[\/et_pb_text][\/et_pb_column][\/et_pb_row][et_pb_row _builder_version=\u00a0\u00bb4.20.0&Prime; _module_preset=\u00a0\u00bbdefault\u00a0\u00bb global_colors_info=\u00a0\u00bb{}\u00a0\u00bb theme_builder_area=\u00a0\u00bbpost_content\u00a0\u00bb][et_pb_column type=\u00a0\u00bb4_4&Prime; _builder_version=\u00a0\u00bb4.20.0&Prime; _module_preset=\u00a0\u00bbdefault\u00a0\u00bb global_colors_info=\u00a0\u00bb{}\u00a0\u00bb theme_builder_area=\u00a0\u00bbpost_content\u00a0\u00bb][et_pb_image src=\u00a0\u00bbhttps:\/\/www.wood-master.fr\/wp-content\/uploads\/2024\/02\/Vegetalisation.jpg\u00a0\u00bb title_text=\u00a0\u00bbV\u00e9g\u00e9talisation\u00a0\u00bb show_in_lightbox=\u00a0\u00bbon\u00a0\u00bb use_overlay=\u00a0\u00bbon\u00a0\u00bb overlay_icon_color=\u00a0\u00bb#FFFFFF\u00a0\u00bb hover_overlay_color=\u00a0\u00bbRGBA(224,153,0,0.4)\u00a0\u00bb hover_icon=\u00a0\u00bb&#x54;||divi||400&Prime; force_fullwidth=\u00a0\u00bbon\u00a0\u00bb _builder_version=\u00a0\u00bb4.24.0&Prime; _module_preset=\u00a0\u00bbdefault\u00a0\u00bb background_color=\u00a0\u00bbrgba(0,0,0,0.04)\u00a0\u00bb hover_enabled=\u00a0\u00bb0&Prime; box_shadow_style=\u00a0\u00bbpreset4&Prime; box_shadow_horizontal=\u00a0\u00bb0px\u00a0\u00bb box_shadow_vertical=\u00a0\u00bb0px\u00a0\u00bb box_shadow_color=\u00a0\u00bbrgba(0,0,0,0.05)\u00a0\u00bb locked=\u00a0\u00bboff\u00a0\u00bb global_colors_info=\u00a0\u00bb{}\u00a0\u00bb transform_styles__hover_enabled=\u00a0\u00bbon|hover\u00a0\u00bb transform_scale__hover=\u00a0\u00bb90%|90%\u00a0\u00bb transform_scale__hover_enabled=\u00a0\u00bbon|hover\u00a0\u00bb transform_translate__hover_enabled=\u00a0\u00bbon|desktop\u00a0\u00bb transform_rotate__hover_enabled=\u00a0\u00bbon|desktop\u00a0\u00bb transform_skew__hover_enabled=\u00a0\u00bbon|desktop\u00a0\u00bb transform_origin__hover_enabled=\u00a0\u00bbon|desktop\u00a0\u00bb box_shadow_spread__hover=\u00a0\u00bb30px\u00a0\u00bb box_shadow_spread__hover_enabled=\u00a0\u00bbon|hover\u00a0\u00bb theme_builder_area=\u00a0\u00bbpost_content\u00a0\u00bb sticky_enabled=\u00a0\u00bb0&Prime;][\/et_pb_image][\/et_pb_column][\/et_pb_row][et_pb_row use_custom_gutter=\u00a0\u00bbon\u00a0\u00bb gutter_width=\u00a0\u00bb1&Prime; _builder_version=\u00a0\u00bb4.24.0&Prime; _module_preset=\u00a0\u00bbdefault\u00a0\u00bb border_color_all=\u00a0\u00bbRGBA(255,255,255,0)\u00a0\u00bb locked=\u00a0\u00bboff\u00a0\u00bb global_colors_info=\u00a0\u00bb{}\u00a0\u00bb theme_builder_area=\u00a0\u00bbpost_content\u00a0\u00bb][et_pb_column type=\u00a0\u00bb4_4&Prime; _builder_version=\u00a0\u00bb4.24.0&Prime; _module_preset=\u00a0\u00bbdefault\u00a0\u00bb custom_padding_tablet=\u00a0\u00bb||30px||false|false\u00a0\u00bb custom_padding_phone=\u00a0\u00bb||30px||false|false\u00a0\u00bb custom_padding_last_edited=\u00a0\u00bbon|tablet\u00a0\u00bb global_colors_info=\u00a0\u00bb{}\u00a0\u00bb theme_builder_area=\u00a0\u00bbpost_content\u00a0\u00bb][et_pb_gallery gallery_ids=\u00a0\u00bb277,644,645,646,647,648,649,650&Prime; posts_number=\u00a0\u00bb12&Prime; show_title_and_caption=\u00a0\u00bboff\u00a0\u00bb show_pagination=\u00a0\u00bboff\u00a0\u00bb zoom_icon_color=\u00a0\u00bb#FFFFFF\u00a0\u00bb hover_overlay_color=\u00a0\u00bbRGBA(224,153,0,0.4)\u00a0\u00bb hover_icon=\u00a0\u00bb&#x54;||divi||400&Prime; _builder_version=\u00a0\u00bb4.24.0&Prime; _module_preset=\u00a0\u00bbdefault\u00a0\u00bb hover_enabled=\u00a0\u00bb0&Prime; border_width_all=\u00a0\u00bb2px\u00a0\u00bb border_color_all=\u00a0\u00bbRGBA(255,255,255,0)\u00a0\u00bb global_colors_info=\u00a0\u00bb{}\u00a0\u00bb theme_builder_area=\u00a0\u00bbpost_content\u00a0\u00bb sticky_enabled=\u00a0\u00bb0&Prime;][\/et_pb_gallery][\/et_pb_column][\/et_pb_row][\/et_pb_section]<\/p>\n","protected":false},"excerpt":{"rendered":"<p>V\u00e9g\u00e9talisation de 5 maisons \u00e0 Collonges-sous-Sal\u00e8ve, Haute-SavoieWood Master v\u00e9g\u00e9talise un ensemble de 5 maisons contemporaines \u00e0 Collonges-sous-Sal\u00e8ve, en Haute-Savoie, avec un syst\u00e8me de bacs pr\u00e9-cultiv\u00e9s. D\u00e8s la fin du chantier, la toiture terrasse pr\u00e9sente un aspect fini. La maison en bois en arri\u00e8re-plan montre un toit v\u00e9g\u00e9talis\u00e9 r\u00e9alis\u00e9 il y a environ 2 ans. Quelles [&hellip;]<\/p>\n","protected":false},"author":1,"featured_media":0,"parent":0,"menu_order":0,"comment_status":"closed","ping_status":"closed","template":"","meta":{"_et_pb_use_builder":"on","_et_pb_old_content":"","_et_gb_content_width":"","footnotes":""},"class_list":["post-641","page","type-page","status-publish","hentry"],"yoast_head":"<!-- This site is optimized with the Yoast SEO plugin v22.5 - https:\/\/yoast.com\/wordpress\/plugins\/seo\/ -->\n<title>V\u00e9g\u00e9talisation de 5 maisons \u00e0 Collonges-sous-Sal\u00e8ve, Haute-Savoie - WOOD MASTER : Isolation Sarking Construction Bois<\/title>\n<meta name=\"robots\" content=\"index, follow, max-snippet:-1, max-image-preview:large, max-video-preview:-1\" \/>\n<link rel=\"canonical\" href=\"https:\/\/www.wood-master.fr\/?page_id=641\" \/>\n<meta property=\"og:locale\" content=\"fr_FR\" \/>\n<meta property=\"og:type\" content=\"article\" \/>\n<meta property=\"og:title\" content=\"V\u00e9g\u00e9talisation de 5 maisons \u00e0 Collonges-sous-Sal\u00e8ve, Haute-Savoie - WOOD MASTER : Isolation Sarking Construction Bois\" \/>\n<meta property=\"og:description\" content=\"V\u00e9g\u00e9talisation de 5 maisons \u00e0 Collonges-sous-Sal\u00e8ve, Haute-SavoieWood Master v\u00e9g\u00e9talise un ensemble de 5 maisons contemporaines \u00e0 Collonges-sous-Sal\u00e8ve, en Haute-Savoie, avec un syst\u00e8me de bacs pr\u00e9-cultiv\u00e9s. D\u00e8s la fin du chantier, la toiture terrasse pr\u00e9sente un aspect fini. La maison en bois en arri\u00e8re-plan montre un toit v\u00e9g\u00e9talis\u00e9 r\u00e9alis\u00e9 il y a environ 2 ans. Quelles [&hellip;]\" \/>\n<meta property=\"og:url\" content=\"https:\/\/www.wood-master.fr\/?page_id=641\" \/>\n<meta property=\"og:site_name\" content=\"WOOD MASTER : Isolation Sarking Construction Bois\" \/>\n<meta name=\"twitter:card\" content=\"summary_large_image\" \/>\n<meta name=\"twitter:label1\" content=\"Dur\u00e9e de lecture estim\u00e9e\" \/>\n\t<meta name=\"twitter:data1\" content=\"5 minutes\" \/>\n<script type=\"application\/ld+json\" class=\"yoast-schema-graph\">{\"@context\":\"https:\/\/schema.org\",\"@graph\":[{\"@type\":\"WebPage\",\"@id\":\"https:\/\/www.wood-master.fr\/?page_id=641\",\"url\":\"https:\/\/www.wood-master.fr\/?page_id=641\",\"name\":\"V\u00e9g\u00e9talisation de 5 maisons \u00e0 Collonges-sous-Sal\u00e8ve, Haute-Savoie - WOOD MASTER : Isolation Sarking Construction Bois\",\"isPartOf\":{\"@id\":\"https:\/\/www.wood-master.fr\/#website\"},\"datePublished\":\"2024-02-22T08:57:49+00:00\",\"dateModified\":\"2024-02-22T08:57:49+00:00\",\"breadcrumb\":{\"@id\":\"https:\/\/www.wood-master.fr\/?page_id=641#breadcrumb\"},\"inLanguage\":\"fr-FR\",\"potentialAction\":[{\"@type\":\"ReadAction\",\"target\":[\"https:\/\/www.wood-master.fr\/?page_id=641\"]}]},{\"@type\":\"BreadcrumbList\",\"@id\":\"https:\/\/www.wood-master.fr\/?page_id=641#breadcrumb\",\"itemListElement\":[{\"@type\":\"ListItem\",\"position\":1,\"name\":\"Accueil\",\"item\":\"https:\/\/www.wood-master.fr\/\"},{\"@type\":\"ListItem\",\"position\":2,\"name\":\"V\u00e9g\u00e9talisation de 5 maisons \u00e0 Collonges-sous-Sal\u00e8ve, Haute-Savoie\"}]},{\"@type\":\"WebSite\",\"@id\":\"https:\/\/www.wood-master.fr\/#website\",\"url\":\"https:\/\/www.wood-master.fr\/\",\"name\":\"WOOD MASTER : Isolation Sarking Construction Bois\",\"description\":\"Isolation Sarking Construction Bois\",\"potentialAction\":[{\"@type\":\"SearchAction\",\"target\":{\"@type\":\"EntryPoint\",\"urlTemplate\":\"https:\/\/www.wood-master.fr\/?s={search_term_string}\"},\"query-input\":\"required name=search_term_string\"}],\"inLanguage\":\"fr-FR\"}]}<\/script>\n<!-- \/ Yoast SEO plugin. -->","yoast_head_json":{"title":"V\u00e9g\u00e9talisation de 5 maisons \u00e0 Collonges-sous-Sal\u00e8ve, Haute-Savoie - WOOD MASTER : Isolation Sarking Construction Bois","robots":{"index":"index","follow":"follow","max-snippet":"max-snippet:-1","max-image-preview":"max-image-preview:large","max-video-preview":"max-video-preview:-1"},"canonical":"https:\/\/www.wood-master.fr\/?page_id=641","og_locale":"fr_FR","og_type":"article","og_title":"V\u00e9g\u00e9talisation de 5 maisons \u00e0 Collonges-sous-Sal\u00e8ve, Haute-Savoie - WOOD MASTER : Isolation Sarking Construction Bois","og_description":"V\u00e9g\u00e9talisation de 5 maisons \u00e0 Collonges-sous-Sal\u00e8ve, Haute-SavoieWood Master v\u00e9g\u00e9talise un ensemble de 5 maisons contemporaines \u00e0 Collonges-sous-Sal\u00e8ve, en Haute-Savoie, avec un syst\u00e8me de bacs pr\u00e9-cultiv\u00e9s. D\u00e8s la fin du chantier, la toiture terrasse pr\u00e9sente un aspect fini. La maison en bois en arri\u00e8re-plan montre un toit v\u00e9g\u00e9talis\u00e9 r\u00e9alis\u00e9 il y a environ 2 ans. Quelles [&hellip;]","og_url":"https:\/\/www.wood-master.fr\/?page_id=641","og_site_name":"WOOD MASTER : Isolation Sarking Construction Bois","twitter_card":"summary_large_image","twitter_misc":{"Dur\u00e9e de lecture estim\u00e9e":"5 minutes"},"schema":{"@context":"https:\/\/schema.org","@graph":[{"@type":"WebPage","@id":"https:\/\/www.wood-master.fr\/?page_id=641","url":"https:\/\/www.wood-master.fr\/?page_id=641","name":"V\u00e9g\u00e9talisation de 5 maisons \u00e0 Collonges-sous-Sal\u00e8ve, Haute-Savoie - WOOD MASTER : Isolation Sarking Construction Bois","isPartOf":{"@id":"https:\/\/www.wood-master.fr\/#website"},"datePublished":"2024-02-22T08:57:49+00:00","dateModified":"2024-02-22T08:57:49+00:00","breadcrumb":{"@id":"https:\/\/www.wood-master.fr\/?page_id=641#breadcrumb"},"inLanguage":"fr-FR","potentialAction":[{"@type":"ReadAction","target":["https:\/\/www.wood-master.fr\/?page_id=641"]}]},{"@type":"BreadcrumbList","@id":"https:\/\/www.wood-master.fr\/?page_id=641#breadcrumb","itemListElement":[{"@type":"ListItem","position":1,"name":"Accueil","item":"https:\/\/www.wood-master.fr\/"},{"@type":"ListItem","position":2,"name":"V\u00e9g\u00e9talisation de 5 maisons \u00e0 Collonges-sous-Sal\u00e8ve, Haute-Savoie"}]},{"@type":"WebSite","@id":"https:\/\/www.wood-master.fr\/#website","url":"https:\/\/www.wood-master.fr\/","name":"WOOD MASTER : Isolation Sarking Construction Bois","description":"Isolation Sarking Construction Bois","potentialAction":[{"@type":"SearchAction","target":{"@type":"EntryPoint","urlTemplate":"https:\/\/www.wood-master.fr\/?s={search_term_string}"},"query-input":"required name=search_term_string"}],"inLanguage":"fr-FR"}]}},"_links":{"self":[{"href":"https:\/\/www.wood-master.fr\/index.php?rest_route=\/wp\/v2\/pages\/641","targetHints":{"allow":["GET"]}}],"collection":[{"href":"https:\/\/www.wood-master.fr\/index.php?rest_route=\/wp\/v2\/pages"}],"about":[{"href":"https:\/\/www.wood-master.fr\/index.php?rest_route=\/wp\/v2\/types\/page"}],"author":[{"embeddable":true,"href":"https:\/\/www.wood-master.fr\/index.php?rest_route=\/wp\/v2\/users\/1"}],"replies":[{"embeddable":true,"href":"https:\/\/www.wood-master.fr\/index.php?rest_route=%2Fwp%2Fv2%2Fcomments&post=641"}],"version-history":[{"count":2,"href":"https:\/\/www.wood-master.fr\/index.php?rest_route=\/wp\/v2\/pages\/641\/revisions"}],"predecessor-version":[{"id":651,"href":"https:\/\/www.wood-master.fr\/index.php?rest_route=\/wp\/v2\/pages\/641\/revisions\/651"}],"wp:attachment":[{"href":"https:\/\/www.wood-master.fr\/index.php?rest_route=%2Fwp%2Fv2%2Fmedia&parent=641"}],"curies":[{"name":"wp","href":"https:\/\/api.w.org\/{rel}","templated":true}]}}