{"id":767,"date":"2024-04-27T12:55:33","date_gmt":"2024-04-27T12:55:33","guid":{"rendered":"https:\/\/www.wood-master.fr\/?page_id=767"},"modified":"2024-04-27T13:18:19","modified_gmt":"2024-04-27T13:18:19","slug":"renovation-dune-toiture-a-collonges-haute-savoie","status":"publish","type":"page","link":"https:\/\/www.wood-master.fr\/?page_id=767","title":{"rendered":"R\u00e9novation d\u2019une toiture \u00e0 Collonges, Haute-Savoie"},"content":{"rendered":"<p>[et_pb_section fb_built=\u00a0\u00bb1&Prime; admin_label=\u00a0\u00bbHero\u00a0\u00bb _builder_version=\u00a0\u00bb4.24.0&Prime; _module_preset=\u00a0\u00bbdefault\u00a0\u00bb background_enable_image=\u00a0\u00bboff\u00a0\u00bb background_position=\u00a0\u00bbtop_center\u00a0\u00bb custom_padding=\u00a0\u00bb0px||0px||true|false\u00a0\u00bb locked=\u00a0\u00bboff\u00a0\u00bb global_colors_info=\u00a0\u00bb{}\u00a0\u00bb][et_pb_row use_custom_gutter=\u00a0\u00bbon\u00a0\u00bb make_equal=\u00a0\u00bbon\u00a0\u00bb padding_top_bottom_link_1=\u00a0\u00bbtrue\u00a0\u00bb padding_top_bottom_link_2=\u00a0\u00bbtrue\u00a0\u00bb padding_left_right_link_1=\u00a0\u00bbtrue\u00a0\u00bb padding_left_right_link_2=\u00a0\u00bbtrue\u00a0\u00bb background_color_gradient_type_1=\u00a0\u00bbcircular\u00a0\u00bb _builder_version=\u00a0\u00bb4.24.3&Prime; _module_preset=\u00a0\u00bbdefault\u00a0\u00bb background_position=\u00a0\u00bbbottom_center\u00a0\u00bb width=\u00a0\u00bb100%\u00a0\u00bb max_width=\u00a0\u00bb100%\u00a0\u00bb custom_padding=\u00a0\u00bb0px||0px||true\u00a0\u00bb use_custom_width=\u00a0\u00bbon\u00a0\u00bb width_unit=\u00a0\u00bboff\u00a0\u00bb custom_width_percent=\u00a0\u00bb100%\u00a0\u00bb global_colors_info=\u00a0\u00bb{}\u00a0\u00bb][et_pb_column type=\u00a0\u00bb4_4&Prime; _builder_version=\u00a0\u00bb4.24.3&Prime; _module_preset=\u00a0\u00bbdefault\u00a0\u00bb background_color_gradient_start=\u00a0\u00bbrgba(40,40,40,0.79)\u00a0\u00bb background_color_gradient_end=\u00a0\u00bbrgba(40,40,40,0.86)\u00a0\u00bb background_image=\u00a0\u00bbhttps:\/\/www.wood-master.fr\/wp-content\/uploads\/2024\/04\/IMG-20200701-WA0003.jpg\u00a0\u00bb custom_padding=\u00a0\u00bb10vw|6vw|10vw|6vw\u00a0\u00bb custom_padding_tablet=\u00a0\u00bb10vw|10%|10vw|10%|true|true\u00a0\u00bb custom_padding_phone=\u00a0\u00bb10vw|10%|10vw|10%|true|true\u00a0\u00bb custom_padding_last_edited=\u00a0\u00bbon|desktop\u00a0\u00bb global_colors_info=\u00a0\u00bb{}\u00a0\u00bb padding_tablet=\u00a0\u00bb10vw|10%|10vw|10%|true|true\u00a0\u00bb padding_last_edited=\u00a0\u00bbon|desktop\u00a0\u00bb custom_padding__hover=\u00a0\u00bb|||\u00a0\u00bb padding_phone=\u00a0\u00bb10vw|10%|10vw|10%|true|true\u00a0\u00bb][\/et_pb_column][\/et_pb_row][\/et_pb_section][et_pb_section fb_built=\u00a0\u00bb1&Prime; admin_label=\u00a0\u00bbHeader\u00a0\u00bb _builder_version=\u00a0\u00bb4.20.0&Prime; _module_preset=\u00a0\u00bbdefault\u00a0\u00bb locked=\u00a0\u00bboff\u00a0\u00bb collapsed=\u00a0\u00bbon\u00a0\u00bb global_colors_info=\u00a0\u00bb{}\u00a0\u00bb][et_pb_row _builder_version=\u00a0\u00bb4.24.0&Prime; _module_preset=\u00a0\u00bbdefault\u00a0\u00bb global_colors_info=\u00a0\u00bb{}\u00a0\u00bb][et_pb_column type=\u00a0\u00bb4_4&Prime; _builder_version=\u00a0\u00bb4.20.0&Prime; _module_preset=\u00a0\u00bbdefault\u00a0\u00bb global_colors_info=\u00a0\u00bb{}\u00a0\u00bb][et_pb_text _builder_version=\u00a0\u00bb4.24.3&Prime; _module_preset=\u00a0\u00bb534ee8cf-ffaa-4ee2-b1f7-ecadb7c606aa\u00a0\u00bb header_4_font=\u00a0\u00bbRubik|700|||||||\u00a0\u00bb header_4_font_size=\u00a0\u00bb24px\u00a0\u00bb header_4_line_height=\u00a0\u00bb1.4em\u00a0\u00bb custom_margin=\u00a0\u00bb||10px||false|false\u00a0\u00bb global_colors_info=\u00a0\u00bb{}\u00a0\u00bb]<\/p>\n<h4 class=\"et_pb_module_header et-fb-editable-element et-fb-editable-element et-fb-editable-element__editing\" data-shortcode-id=\"1.0.2-1708386742252\" data-quickaccess-id=\"header\" contenteditable=\"true\">R\u00e9novation \u00e9nerg\u00e9tique \u00e0 Collonges, Haute-Savoie<\/h4>\n<p>[\/et_pb_text][et_pb_text _builder_version=\u00a0\u00bb4.24.0&Prime; _module_preset=\u00a0\u00bb68cd6ecf-1ee2-48ee-a569-5da5ea6d162e\u00a0\u00bb global_colors_info=\u00a0\u00bb{}\u00a0\u00bb]<\/p>\n<p>&nbsp;<\/p>\n<p>Vous habitez dans une maison ancienne et souhaitez faire r\u00e9nover votre toiture ou votre charpente ? Vous souhaitez r\u00e9aliser un nouveau projet de construction bois?<\/p>\n<p><strong>Wood Master<\/strong> sera la meilleure solution pour vos <strong>travaux d\u2019am\u00e9nagements ou de r\u00e9novations<\/strong> de votre ext\u00e9rieur en bois.<\/p>\n<p>Wood Master est un <strong>sp\u00e9cialiste de la construction et la r\u00e9novation en bois<\/strong>, et cela, depuis plus de 20 ans. Les constructions propos\u00e9es par cette soci\u00e9t\u00e9 sont de qualit\u00e9 et respectent l\u2019environnement tout en ayant un tarif comp\u00e9titif. Le savoir-faire unique de l\u2019entreprise lui permet de satisfaire la moindre demande de ses clients. Ainsi, que vous souhaitiez r\u00e9nover votre maison en ossature en bois ou construire un chalet, Wood Master pourra r\u00e9pondre \u00e0 vos attentes et vous octroyer un rendu de qualit\u00e9 avec des mat\u00e9riaux haut de gamme.<\/p>\n<p>Avec les am\u00e9liorations techniques, technologiques et r\u00e9glementaires, l\u2019entreprise a su se mettre \u00e0 l\u2019ordre du jour et peut aussi vous proposer des solutions de r\u00e9novation \u00e9nerg\u00e9tique (Reprise de charpente, isolation thermique\u2026). L\u2019\u00e9quipe de Wood Master reste \u00e0 votre \u00e9coute et saura vous prodiguer de nombreux et pr\u00e9cieux conseils afin de choisir avec vous les menuiseries qui vous conviennent (bois, alu, pvc&#8230;).<\/p>\n<p>Pour disposer de plus d\u2019informations concernant l\u2019activit\u00e9 et les produits de notre entreprise, nous vous conseillons de nous contacter \u00e0 l\u2019aide de notre formulaire de contact ou de nous t\u00e9l\u00e9phoner au 04 50 96 74 23.<\/p>\n<p>[\/et_pb_text][\/et_pb_column][\/et_pb_row][et_pb_row _builder_version=\u00a0\u00bb4.20.0&Prime; _module_preset=\u00a0\u00bbdefault\u00a0\u00bb global_colors_info=\u00a0\u00bb{}\u00a0\u00bb][et_pb_column type=\u00a0\u00bb4_4&Prime; _builder_version=\u00a0\u00bb4.20.0&Prime; _module_preset=\u00a0\u00bbdefault\u00a0\u00bb global_colors_info=\u00a0\u00bb{}\u00a0\u00bb][et_pb_image src=\u00a0\u00bbhttps:\/\/www.wood-master.fr\/wp-content\/uploads\/2024\/04\/IMG-20200730-WA0006.jpg\u00a0\u00bb title_text=\u00a0\u00bbIMG-20200730-WA0006&Prime; show_in_lightbox=\u00a0\u00bbon\u00a0\u00bb use_overlay=\u00a0\u00bbon\u00a0\u00bb overlay_icon_color=\u00a0\u00bb#FFFFFF\u00a0\u00bb hover_overlay_color=\u00a0\u00bbRGBA(224,153,0,0.4)\u00a0\u00bb hover_icon=\u00a0\u00bb&#x54;||divi||400&Prime; force_fullwidth=\u00a0\u00bbon\u00a0\u00bb _builder_version=\u00a0\u00bb4.24.3&Prime; _module_preset=\u00a0\u00bbdefault\u00a0\u00bb background_color=\u00a0\u00bbrgba(0,0,0,0.04)\u00a0\u00bb box_shadow_style=\u00a0\u00bbpreset4&Prime; box_shadow_horizontal=\u00a0\u00bb0px\u00a0\u00bb box_shadow_vertical=\u00a0\u00bb0px\u00a0\u00bb box_shadow_color=\u00a0\u00bbrgba(0,0,0,0.05)\u00a0\u00bb locked=\u00a0\u00bboff\u00a0\u00bb global_colors_info=\u00a0\u00bb{}\u00a0\u00bb transform_styles__hover_enabled=\u00a0\u00bbon|hover\u00a0\u00bb transform_scale__hover=\u00a0\u00bb90%|90%\u00a0\u00bb transform_scale__hover_enabled=\u00a0\u00bbon|hover\u00a0\u00bb transform_translate__hover_enabled=\u00a0\u00bbon|desktop\u00a0\u00bb transform_rotate__hover_enabled=\u00a0\u00bbon|desktop\u00a0\u00bb transform_skew__hover_enabled=\u00a0\u00bbon|desktop\u00a0\u00bb transform_origin__hover_enabled=\u00a0\u00bbon|desktop\u00a0\u00bb box_shadow_spread__hover=\u00a0\u00bb30px\u00a0\u00bb box_shadow_spread__hover_enabled=\u00a0\u00bbon|hover\u00a0\u00bb][\/et_pb_image][\/et_pb_column][\/et_pb_row][et_pb_row use_custom_gutter=\u00a0\u00bbon\u00a0\u00bb gutter_width=\u00a0\u00bb1&Prime; _builder_version=\u00a0\u00bb4.24.0&Prime; _module_preset=\u00a0\u00bbdefault\u00a0\u00bb border_color_all=\u00a0\u00bbRGBA(255,255,255,0)\u00a0\u00bb locked=\u00a0\u00bboff\u00a0\u00bb global_colors_info=\u00a0\u00bb{}\u00a0\u00bb][et_pb_column type=\u00a0\u00bb4_4&Prime; _builder_version=\u00a0\u00bb4.24.0&Prime; _module_preset=\u00a0\u00bbdefault\u00a0\u00bb custom_padding_tablet=\u00a0\u00bb||30px||false|false\u00a0\u00bb custom_padding_phone=\u00a0\u00bb||30px||false|false\u00a0\u00bb custom_padding_last_edited=\u00a0\u00bbon|tablet\u00a0\u00bb global_colors_info=\u00a0\u00bb{}\u00a0\u00bb][et_pb_gallery gallery_ids=\u00a0\u00bb277,770,771,772,773,774,775,776,777,778,779,780,781,782,783,784,785,786,787&Prime; posts_number=\u00a0\u00bb25&Prime; show_title_and_caption=\u00a0\u00bboff\u00a0\u00bb show_pagination=\u00a0\u00bboff\u00a0\u00bb zoom_icon_color=\u00a0\u00bb#FFFFFF\u00a0\u00bb hover_overlay_color=\u00a0\u00bbRGBA(224,153,0,0.4)\u00a0\u00bb hover_icon=\u00a0\u00bb&#x54;||divi||400&Prime; _builder_version=\u00a0\u00bb4.24.3&Prime; _module_preset=\u00a0\u00bbdefault\u00a0\u00bb hover_enabled=\u00a0\u00bb0&Prime; border_width_all=\u00a0\u00bb2px\u00a0\u00bb border_color_all=\u00a0\u00bbRGBA(255,255,255,0)\u00a0\u00bb global_colors_info=\u00a0\u00bb{}\u00a0\u00bb sticky_enabled=\u00a0\u00bb0&Prime;][\/et_pb_gallery][\/et_pb_column][\/et_pb_row][\/et_pb_section]<\/p>\n","protected":false},"excerpt":{"rendered":"<p>R\u00e9novation \u00e9nerg\u00e9tique \u00e0 Collonges, Haute-Savoie&nbsp; Vous habitez dans une maison ancienne et souhaitez faire r\u00e9nover votre toiture ou votre charpente ? Vous souhaitez r\u00e9aliser un nouveau projet de construction bois? Wood Master sera la meilleure solution pour vos travaux d\u2019am\u00e9nagements ou de r\u00e9novations de votre ext\u00e9rieur en bois. Wood Master est un sp\u00e9cialiste de la [&hellip;]<\/p>\n","protected":false},"author":1,"featured_media":0,"parent":0,"menu_order":0,"comment_status":"closed","ping_status":"closed","template":"","meta":{"_et_pb_use_builder":"on","_et_pb_old_content":"","_et_gb_content_width":"","footnotes":""},"class_list":["post-767","page","type-page","status-publish","hentry"],"yoast_head":"<!-- This site is optimized with the Yoast SEO plugin v22.5 - https:\/\/yoast.com\/wordpress\/plugins\/seo\/ -->\n<title>R\u00e9novation d\u2019une toiture \u00e0 Collonges, Haute-Savoie - WOOD MASTER : Isolation Sarking Construction Bois<\/title>\n<meta name=\"robots\" content=\"index, follow, max-snippet:-1, max-image-preview:large, max-video-preview:-1\" \/>\n<link rel=\"canonical\" href=\"https:\/\/www.wood-master.fr\/?page_id=767\" \/>\n<meta property=\"og:locale\" content=\"fr_FR\" \/>\n<meta property=\"og:type\" content=\"article\" \/>\n<meta property=\"og:title\" content=\"R\u00e9novation d\u2019une toiture \u00e0 Collonges, Haute-Savoie - WOOD MASTER : Isolation Sarking Construction Bois\" \/>\n<meta property=\"og:description\" content=\"R\u00e9novation \u00e9nerg\u00e9tique \u00e0 Collonges, Haute-Savoie&nbsp; Vous habitez dans une maison ancienne et souhaitez faire r\u00e9nover votre toiture ou votre charpente ? Vous souhaitez r\u00e9aliser un nouveau projet de construction bois? Wood Master sera la meilleure solution pour vos travaux d\u2019am\u00e9nagements ou de r\u00e9novations de votre ext\u00e9rieur en bois. Wood Master est un sp\u00e9cialiste de la [&hellip;]\" \/>\n<meta property=\"og:url\" content=\"https:\/\/www.wood-master.fr\/?page_id=767\" \/>\n<meta property=\"og:site_name\" content=\"WOOD MASTER : Isolation Sarking Construction Bois\" \/>\n<meta property=\"article:modified_time\" content=\"2024-04-27T13:18:19+00:00\" \/>\n<meta name=\"twitter:card\" content=\"summary_large_image\" \/>\n<script type=\"application\/ld+json\" class=\"yoast-schema-graph\">{\"@context\":\"https:\/\/schema.org\",\"@graph\":[{\"@type\":\"WebPage\",\"@id\":\"https:\/\/www.wood-master.fr\/?page_id=767\",\"url\":\"https:\/\/www.wood-master.fr\/?page_id=767\",\"name\":\"R\u00e9novation d\u2019une toiture \u00e0 Collonges, Haute-Savoie - WOOD MASTER : Isolation Sarking Construction Bois\",\"isPartOf\":{\"@id\":\"https:\/\/www.wood-master.fr\/#website\"},\"datePublished\":\"2024-04-27T12:55:33+00:00\",\"dateModified\":\"2024-04-27T13:18:19+00:00\",\"breadcrumb\":{\"@id\":\"https:\/\/www.wood-master.fr\/?page_id=767#breadcrumb\"},\"inLanguage\":\"fr-FR\",\"potentialAction\":[{\"@type\":\"ReadAction\",\"target\":[\"https:\/\/www.wood-master.fr\/?page_id=767\"]}]},{\"@type\":\"BreadcrumbList\",\"@id\":\"https:\/\/www.wood-master.fr\/?page_id=767#breadcrumb\",\"itemListElement\":[{\"@type\":\"ListItem\",\"position\":1,\"name\":\"Accueil\",\"item\":\"https:\/\/www.wood-master.fr\/\"},{\"@type\":\"ListItem\",\"position\":2,\"name\":\"R\u00e9novation d\u2019une toiture \u00e0 Collonges, Haute-Savoie\"}]},{\"@type\":\"WebSite\",\"@id\":\"https:\/\/www.wood-master.fr\/#website\",\"url\":\"https:\/\/www.wood-master.fr\/\",\"name\":\"WOOD MASTER : Isolation Sarking Construction Bois\",\"description\":\"Isolation Sarking Construction Bois\",\"potentialAction\":[{\"@type\":\"SearchAction\",\"target\":{\"@type\":\"EntryPoint\",\"urlTemplate\":\"https:\/\/www.wood-master.fr\/?s={search_term_string}\"},\"query-input\":\"required name=search_term_string\"}],\"inLanguage\":\"fr-FR\"}]}<\/script>\n<!-- \/ Yoast SEO plugin. -->","yoast_head_json":{"title":"R\u00e9novation d\u2019une toiture \u00e0 Collonges, Haute-Savoie - WOOD MASTER : Isolation Sarking Construction Bois","robots":{"index":"index","follow":"follow","max-snippet":"max-snippet:-1","max-image-preview":"max-image-preview:large","max-video-preview":"max-video-preview:-1"},"canonical":"https:\/\/www.wood-master.fr\/?page_id=767","og_locale":"fr_FR","og_type":"article","og_title":"R\u00e9novation d\u2019une toiture \u00e0 Collonges, Haute-Savoie - WOOD MASTER : Isolation Sarking Construction Bois","og_description":"R\u00e9novation \u00e9nerg\u00e9tique \u00e0 Collonges, Haute-Savoie&nbsp; Vous habitez dans une maison ancienne et souhaitez faire r\u00e9nover votre toiture ou votre charpente ? Vous souhaitez r\u00e9aliser un nouveau projet de construction bois? Wood Master sera la meilleure solution pour vos travaux d\u2019am\u00e9nagements ou de r\u00e9novations de votre ext\u00e9rieur en bois. Wood Master est un sp\u00e9cialiste de la [&hellip;]","og_url":"https:\/\/www.wood-master.fr\/?page_id=767","og_site_name":"WOOD MASTER : Isolation Sarking Construction Bois","article_modified_time":"2024-04-27T13:18:19+00:00","twitter_card":"summary_large_image","schema":{"@context":"https:\/\/schema.org","@graph":[{"@type":"WebPage","@id":"https:\/\/www.wood-master.fr\/?page_id=767","url":"https:\/\/www.wood-master.fr\/?page_id=767","name":"R\u00e9novation d\u2019une toiture \u00e0 Collonges, Haute-Savoie - WOOD MASTER : Isolation Sarking Construction Bois","isPartOf":{"@id":"https:\/\/www.wood-master.fr\/#website"},"datePublished":"2024-04-27T12:55:33+00:00","dateModified":"2024-04-27T13:18:19+00:00","breadcrumb":{"@id":"https:\/\/www.wood-master.fr\/?page_id=767#breadcrumb"},"inLanguage":"fr-FR","potentialAction":[{"@type":"ReadAction","target":["https:\/\/www.wood-master.fr\/?page_id=767"]}]},{"@type":"BreadcrumbList","@id":"https:\/\/www.wood-master.fr\/?page_id=767#breadcrumb","itemListElement":[{"@type":"ListItem","position":1,"name":"Accueil","item":"https:\/\/www.wood-master.fr\/"},{"@type":"ListItem","position":2,"name":"R\u00e9novation d\u2019une toiture \u00e0 Collonges, Haute-Savoie"}]},{"@type":"WebSite","@id":"https:\/\/www.wood-master.fr\/#website","url":"https:\/\/www.wood-master.fr\/","name":"WOOD MASTER : Isolation Sarking Construction Bois","description":"Isolation Sarking Construction Bois","potentialAction":[{"@type":"SearchAction","target":{"@type":"EntryPoint","urlTemplate":"https:\/\/www.wood-master.fr\/?s={search_term_string}"},"query-input":"required name=search_term_string"}],"inLanguage":"fr-FR"}]}},"_links":{"self":[{"href":"https:\/\/www.wood-master.fr\/index.php?rest_route=\/wp\/v2\/pages\/767","targetHints":{"allow":["GET"]}}],"collection":[{"href":"https:\/\/www.wood-master.fr\/index.php?rest_route=\/wp\/v2\/pages"}],"about":[{"href":"https:\/\/www.wood-master.fr\/index.php?rest_route=\/wp\/v2\/types\/page"}],"author":[{"embeddable":true,"href":"https:\/\/www.wood-master.fr\/index.php?rest_route=\/wp\/v2\/users\/1"}],"replies":[{"embeddable":true,"href":"https:\/\/www.wood-master.fr\/index.php?rest_route=%2Fwp%2Fv2%2Fcomments&post=767"}],"version-history":[{"count":3,"href":"https:\/\/www.wood-master.fr\/index.php?rest_route=\/wp\/v2\/pages\/767\/revisions"}],"predecessor-version":[{"id":811,"href":"https:\/\/www.wood-master.fr\/index.php?rest_route=\/wp\/v2\/pages\/767\/revisions\/811"}],"wp:attachment":[{"href":"https:\/\/www.wood-master.fr\/index.php?rest_route=%2Fwp%2Fv2%2Fmedia&parent=767"}],"curies":[{"name":"wp","href":"https:\/\/api.w.org\/{rel}","templated":true}]}}